{"id":1999,"date":"2021-06-28T14:26:10","date_gmt":"2021-06-28T14:26:10","guid":{"rendered":"https:\/\/novo.blogdacondessa.com.br\/?page_id=1999"},"modified":"2021-07-19T15:22:19","modified_gmt":"2021-07-19T15:22:19","slug":"sobre-o-blog","status":"publish","type":"page","link":"https:\/\/blogdacondessa.com.br\/blog\/sobre-o-blog\/","title":{"rendered":"Sobre o Blog"},"content":{"rendered":"<p><strong>Que prazer ter voc\u00ea no meu blog!<\/strong><\/p>\n<p>Sou Shirley de Souza O\u2019Campos, carinhosamente tratada por muitos amigos como Condessa, t\u00edtulo esse que me foi outorgado pelo carinho de colegas jornalistas daqueles tempos de antanho, e que com muito orgulho incorporei \u00e0 minha vida no jornalismo cuiabano.<\/p>\n<p>Radialista e jornalista, tenho minha paix\u00e3o e fidelidade ao jornalismo.<\/p>\n<p>Na d\u00e9cada de 60 atuei no r\u00e1dio, come\u00e7ando pela ent\u00e3o tradicional r\u00e1dio A VOZ D\u2019OESTE, Anos de ouro. Depois, na d\u00e9cada de 70, fa\u00e7o minha estreia como colunista social.<\/p>\n<p>Minha experi\u00eancia como jornalista ampliou com a funda\u00e7\u00e3o do jornal Tribuna Cuiabana, da qual fui diretora e editora por quase 20 anos. Da\u00ed passei pelo servi\u00e7o p\u00fablico, assessoria pol\u00edtica, ganhando mais experi\u00eancia.\u00a0 Acompanhei a evolu\u00e7\u00e3o dos tempos, tanto do r\u00e1dio, quanto do jornalismo, o que me levou a este blog.<\/p>\n<p>Blog da Condessa \u00e9 um ve\u00edculo de comunica\u00e7\u00e3o que oferece conte\u00fado diversificado dentre as muitas editorias. Um produto de qualidade, elaborado com profissionalismo, que por certo atende aos mais exigentes clientes e tamb\u00e9m ao p\u00fablico.<\/p>\n","protected":false},"excerpt":{"rendered":"<p>Que prazer ter voc\u00ea no meu blog! Sou Shirley de Souza O\u2019Campos, carinhosamente tratada por muitos amigos como Condessa, t\u00edtulo esse que me foi outorgado pelo carinho de colegas jornalistas daqueles tempos de antanho, e que com muito orgulho incorporei \u00e0 minha vida no jornalismo cuiabano. Radialista e jornalista, tenho minha paix\u00e3o e fidelidade ao [&hellip;]<\/p>\n","protected":false},"author":7,"featured_media":2025,"parent":0,"menu_order":0,"comment_status":"closed","ping_status":"closed","template":"","meta":{"iawp_total_views":61,"footnotes":""},"class_list":["post-1999","page","type-page","status-publish","has-post-thumbnail","hentry"],"yoast_head":"<!-- This site is optimized with the Yoast SEO plugin v27.3 - https:\/\/yoast.com\/product\/yoast-seo-wordpress\/ -->\n<title>Sobre o Blog &#8902; Blog da Condessa<\/title>\n<meta name=\"robots\" content=\"index, follow, max-snippet:-1, max-image-preview:large, max-video-preview:-1\" \/>\n<link rel=\"canonical\" href=\"https:\/\/blogdacondessa.com.br\/blog\/sobre-o-blog\/\" \/>\n<meta property=\"og:locale\" content=\"pt_BR\" \/>\n<meta property=\"og:type\" content=\"article\" \/>\n<meta property=\"og:title\" content=\"Sobre o Blog &#8902; Blog da Condessa\" \/>\n<meta property=\"og:description\" content=\"Que prazer ter voc\u00ea no meu blog! Sou Shirley de Souza O\u2019Campos, carinhosamente tratada por muitos amigos como Condessa, t\u00edtulo esse que me foi outorgado pelo carinho de colegas jornalistas daqueles tempos de antanho, e que com muito orgulho incorporei \u00e0 minha vida no jornalismo cuiabano. Radialista e jornalista, tenho minha paix\u00e3o e fidelidade ao [&hellip;]\" \/>\n<meta property=\"og:url\" content=\"https:\/\/blogdacondessa.com.br\/blog\/sobre-o-blog\/\" \/>\n<meta property=\"og:site_name\" content=\"Blog da Condessa\" \/>\n<meta property=\"article:modified_time\" content=\"2021-07-19T15:22:19+00:00\" \/>\n<meta name=\"twitter:card\" content=\"summary_large_image\" \/>\n<meta name=\"twitter:label1\" content=\"Est. tempo de leitura\" \/>\n\t<meta name=\"twitter:data1\" content=\"1 minuto\" \/>\n<script type=\"application\/ld+json\" class=\"yoast-schema-graph\">{\"@context\":\"https:\\\/\\\/schema.org\",\"@graph\":[{\"@type\":\"WebPage\",\"@id\":\"https:\\\/\\\/blogdacondessa.com.br\\\/blog\\\/sobre-o-blog\\\/\",\"url\":\"https:\\\/\\\/blogdacondessa.com.br\\\/blog\\\/sobre-o-blog\\\/\",\"name\":\"Sobre o Blog &#8902; Blog da Condessa\",\"isPartOf\":{\"@id\":\"https:\\\/\\\/blogdacondessa.com.br\\\/blog\\\/#website\"},\"primaryImageOfPage\":{\"@id\":\"https:\\\/\\\/blogdacondessa.com.br\\\/blog\\\/sobre-o-blog\\\/#primaryimage\"},\"image\":{\"@id\":\"https:\\\/\\\/blogdacondessa.com.br\\\/blog\\\/sobre-o-blog\\\/#primaryimage\"},\"thumbnailUrl\":\"https:\\\/\\\/blogdacondessa.com.br\\\/blog\\\/wp-content\\\/uploads\\\/2021\\\/07\\\/logo.svg\",\"datePublished\":\"2021-06-28T14:26:10+00:00\",\"dateModified\":\"2021-07-19T15:22:19+00:00\",\"breadcrumb\":{\"@id\":\"https:\\\/\\\/blogdacondessa.com.br\\\/blog\\\/sobre-o-blog\\\/#breadcrumb\"},\"inLanguage\":\"pt-BR\",\"potentialAction\":[{\"@type\":\"ReadAction\",\"target\":[\"https:\\\/\\\/blogdacondessa.com.br\\\/blog\\\/sobre-o-blog\\\/\"]}]},{\"@type\":\"ImageObject\",\"inLanguage\":\"pt-BR\",\"@id\":\"https:\\\/\\\/blogdacondessa.com.br\\\/blog\\\/sobre-o-blog\\\/#primaryimage\",\"url\":\"https:\\\/\\\/blogdacondessa.com.br\\\/blog\\\/wp-content\\\/uploads\\\/2021\\\/07\\\/logo.svg\",\"contentUrl\":\"https:\\\/\\\/blogdacondessa.com.br\\\/blog\\\/wp-content\\\/uploads\\\/2021\\\/07\\\/logo.svg\"},{\"@type\":\"BreadcrumbList\",\"@id\":\"https:\\\/\\\/blogdacondessa.com.br\\\/blog\\\/sobre-o-blog\\\/#breadcrumb\",\"itemListElement\":[{\"@type\":\"ListItem\",\"position\":1,\"name\":\"In\u00edcio\",\"item\":\"https:\\\/\\\/blogdacondessa.com.br\\\/blog\\\/\"},{\"@type\":\"ListItem\",\"position\":2,\"name\":\"Sobre o Blog\"}]},{\"@type\":\"WebSite\",\"@id\":\"https:\\\/\\\/blogdacondessa.com.br\\\/blog\\\/#website\",\"url\":\"https:\\\/\\\/blogdacondessa.com.br\\\/blog\\\/\",\"name\":\"Blog da Condessa\",\"description\":\"Com Shirley de Souza O\u2019Campos\",\"potentialAction\":[{\"@type\":\"SearchAction\",\"target\":{\"@type\":\"EntryPoint\",\"urlTemplate\":\"https:\\\/\\\/blogdacondessa.com.br\\\/blog\\\/?s={search_term_string}\"},\"query-input\":{\"@type\":\"PropertyValueSpecification\",\"valueRequired\":true,\"valueName\":\"search_term_string\"}}],\"inLanguage\":\"pt-BR\"}]}<\/script>\n<!-- \/ Yoast SEO plugin. -->","yoast_head_json":{"title":"Sobre o Blog &#8902; Blog da Condessa","robots":{"index":"index","follow":"follow","max-snippet":"max-snippet:-1","max-image-preview":"max-image-preview:large","max-video-preview":"max-video-preview:-1"},"canonical":"https:\/\/blogdacondessa.com.br\/blog\/sobre-o-blog\/","og_locale":"pt_BR","og_type":"article","og_title":"Sobre o Blog &#8902; Blog da Condessa","og_description":"Que prazer ter voc\u00ea no meu blog! Sou Shirley de Souza O\u2019Campos, carinhosamente tratada por muitos amigos como Condessa, t\u00edtulo esse que me foi outorgado pelo carinho de colegas jornalistas daqueles tempos de antanho, e que com muito orgulho incorporei \u00e0 minha vida no jornalismo cuiabano. Radialista e jornalista, tenho minha paix\u00e3o e fidelidade ao [&hellip;]","og_url":"https:\/\/blogdacondessa.com.br\/blog\/sobre-o-blog\/","og_site_name":"Blog da Condessa","article_modified_time":"2021-07-19T15:22:19+00:00","twitter_card":"summary_large_image","twitter_misc":{"Est. tempo de leitura":"1 minuto"},"schema":{"@context":"https:\/\/schema.org","@graph":[{"@type":"WebPage","@id":"https:\/\/blogdacondessa.com.br\/blog\/sobre-o-blog\/","url":"https:\/\/blogdacondessa.com.br\/blog\/sobre-o-blog\/","name":"Sobre o Blog &#8902; Blog da Condessa","isPartOf":{"@id":"https:\/\/blogdacondessa.com.br\/blog\/#website"},"primaryImageOfPage":{"@id":"https:\/\/blogdacondessa.com.br\/blog\/sobre-o-blog\/#primaryimage"},"image":{"@id":"https:\/\/blogdacondessa.com.br\/blog\/sobre-o-blog\/#primaryimage"},"thumbnailUrl":"https:\/\/blogdacondessa.com.br\/blog\/wp-content\/uploads\/2021\/07\/logo.svg","datePublished":"2021-06-28T14:26:10+00:00","dateModified":"2021-07-19T15:22:19+00:00","breadcrumb":{"@id":"https:\/\/blogdacondessa.com.br\/blog\/sobre-o-blog\/#breadcrumb"},"inLanguage":"pt-BR","potentialAction":[{"@type":"ReadAction","target":["https:\/\/blogdacondessa.com.br\/blog\/sobre-o-blog\/"]}]},{"@type":"ImageObject","inLanguage":"pt-BR","@id":"https:\/\/blogdacondessa.com.br\/blog\/sobre-o-blog\/#primaryimage","url":"https:\/\/blogdacondessa.com.br\/blog\/wp-content\/uploads\/2021\/07\/logo.svg","contentUrl":"https:\/\/blogdacondessa.com.br\/blog\/wp-content\/uploads\/2021\/07\/logo.svg"},{"@type":"BreadcrumbList","@id":"https:\/\/blogdacondessa.com.br\/blog\/sobre-o-blog\/#breadcrumb","itemListElement":[{"@type":"ListItem","position":1,"name":"In\u00edcio","item":"https:\/\/blogdacondessa.com.br\/blog\/"},{"@type":"ListItem","position":2,"name":"Sobre o Blog"}]},{"@type":"WebSite","@id":"https:\/\/blogdacondessa.com.br\/blog\/#website","url":"https:\/\/blogdacondessa.com.br\/blog\/","name":"Blog da Condessa","description":"Com Shirley de Souza O\u2019Campos","potentialAction":[{"@type":"SearchAction","target":{"@type":"EntryPoint","urlTemplate":"https:\/\/blogdacondessa.com.br\/blog\/?s={search_term_string}"},"query-input":{"@type":"PropertyValueSpecification","valueRequired":true,"valueName":"search_term_string"}}],"inLanguage":"pt-BR"}]}},"_links":{"self":[{"href":"https:\/\/blogdacondessa.com.br\/blog\/wp-json\/wp\/v2\/pages\/1999","targetHints":{"allow":["GET"]}}],"collection":[{"href":"https:\/\/blogdacondessa.com.br\/blog\/wp-json\/wp\/v2\/pages"}],"about":[{"href":"https:\/\/blogdacondessa.com.br\/blog\/wp-json\/wp\/v2\/types\/page"}],"author":[{"embeddable":true,"href":"https:\/\/blogdacondessa.com.br\/blog\/wp-json\/wp\/v2\/users\/7"}],"replies":[{"embeddable":true,"href":"https:\/\/blogdacondessa.com.br\/blog\/wp-json\/wp\/v2\/comments?post=1999"}],"version-history":[{"count":0,"href":"https:\/\/blogdacondessa.com.br\/blog\/wp-json\/wp\/v2\/pages\/1999\/revisions"}],"wp:featuredmedia":[{"embeddable":true,"href":"https:\/\/blogdacondessa.com.br\/blog\/wp-json\/wp\/v2\/media\/2025"}],"wp:attachment":[{"href":"https:\/\/blogdacondessa.com.br\/blog\/wp-json\/wp\/v2\/media?parent=1999"}],"curies":[{"name":"wp","href":"https:\/\/api.w.org\/{rel}","templated":true}]}}